{"id":2184,"date":"2020-02-28T11:27:24","date_gmt":"2020-02-28T10:27:24","guid":{"rendered":"https:\/\/thegoodcompanyinmotion.com\/press\/"},"modified":"2020-02-28T11:42:59","modified_gmt":"2020-02-28T10:42:59","slug":"press","status":"publish","type":"page","link":"https:\/\/thegoodcompanyinmotion.com\/en\/press\/","title":{"rendered":"Press"},"content":{"rendered":"<p>[et_pb_section fb_built=&#8221;1&#8243; disabled_on=&#8221;off|off|off&#8221; _builder_version=&#8221;4.3.4&#8243; background_image=&#8221;https:\/\/thegoodcompanyinmotion.com\/wp-content\/uploads\/2020\/02\/bannie\u0300re_actualite\u0301s-scaled.jpg&#8221; custom_padding=&#8221;50px|0px|50px|0px|true|false&#8221; hover_enabled=&#8221;0&#8243; min_height=&#8221;300px&#8221; min_height_last_edited=&#8221;on|phone&#8221; min_height_tablet=&#8221;250px&#8221; min_height_phone=&#8221;200px&#8221;][et_pb_row _builder_version=&#8221;4.0.8&#8243; width_tablet=&#8221;95%&#8221; width_phone=&#8221;95%&#8221; width_last_edited=&#8221;on|tablet&#8221; max_width=&#8221;none&#8221; custom_padding=&#8221;0|0px|0|0px|false|false&#8221;][et_pb_column type=&#8221;4_4&#8243; _builder_version=&#8221;3.25&#8243; custom_padding=&#8221;|||&#8221; custom_padding__hover=&#8221;|||&#8221;][et_pb_image src=&#8221;https:\/\/thegoodcompanyinmotion.com\/wp-content\/uploads\/2020\/02\/typos_news-1.png&#8221; _builder_version=&#8221;4.3.4&#8243; width=&#8221;50%&#8221; width_tablet=&#8221;50%&#8221; width_phone=&#8221;70%&#8221; width_last_edited=&#8221;on|tablet&#8221; module_alignment=&#8221;center&#8221; animation_style=&#8221;slide&#8221; animation_direction=&#8221;top&#8221;][\/et_pb_image][\/et_pb_column][\/et_pb_row][\/et_pb_section][et_pb_section fb_built=&#8221;1&#8243; disabled_on=&#8221;off|off|off&#8221; _builder_version=&#8221;4.0.8&#8243; custom_padding=&#8221;0|0px|0px|0px|false|false&#8221; animation_style=&#8221;slide&#8221; animation_direction=&#8221;right&#8221; animation_speed_curve=&#8221;ease-out&#8221;][et_pb_row _builder_version=&#8221;4.0.8&#8243; width_tablet=&#8221;&#8221; width_phone=&#8221;90%&#8221; width_last_edited=&#8221;on|phone&#8221; custom_margin=&#8221;4%||1%||false|false&#8221; custom_margin_tablet=&#8221;&#8221; custom_margin_phone=&#8221;10%||||false|false&#8221; custom_margin_last_edited=&#8221;on|desktop&#8221; custom_padding=&#8221;|0px|0|0px|false|false&#8221;][et_pb_column type=&#8221;4_4&#8243; _builder_version=&#8221;3.25&#8243; custom_padding=&#8221;|||&#8221; custom_padding__hover=&#8221;|||&#8221;][et_pb_text _builder_version=&#8221;4.0.8&#8243; text_font=&#8221;|700|||||||&#8221; text_text_color=&#8221;#000000&#8243; text_font_size=&#8221;39px&#8221; header_font=&#8221;Assistant||||||||&#8221; header_2_font=&#8221;Assistant|700|||||||&#8221; header_2_font_size=&#8221;39px&#8221; header_3_font=&#8221;Dosis||||||||&#8221; text_orientation=&#8221;center&#8221; text_font_size_tablet=&#8221;&#8221; text_font_size_phone=&#8221;30px&#8221; text_font_size_last_edited=&#8221;on|phone&#8221; header_2_font_size_tablet=&#8221;&#8221; header_2_font_size_phone=&#8221;30px&#8221; header_2_font_size_last_edited=&#8221;on|phone&#8221;]<\/p>\n<p class=\"p1\" style=\"text-align: center;\"><strong>Tweet with Colid\u00e9e et #TheGoodCompany<\/strong><\/p>\n<p>[\/et_pb_text][\/et_pb_column][\/et_pb_row][et_pb_row column_structure=&#8221;1_2,1_2&#8243; disabled_on=&#8221;off|off|off&#8221; _builder_version=&#8221;4.0.8&#8243; custom_padding=&#8221;|0px|0|0px|false|false&#8221;][et_pb_column type=&#8221;1_2&#8243; _builder_version=&#8221;3.25&#8243; custom_padding=&#8221;|||&#8221; custom_padding__hover=&#8221;|||&#8221;][et_pb_text _builder_version=&#8221;4.0.8&#8243;]<\/p>\n<p><div id=\"fb-root\"><\/div>\n<p><script async=\"1\" defer=\"1\" crossorigin=\"anonymous\" src=\"https:\/\/connect.facebook.net\/fr_FR\/sdk.js#xfbml=1&amp;version=v6.0\"><\/script><\/p>\n<div class=\"fb-post\" data-href=\"https:\/\/www.facebook.com\/TheGoodCompanyInMotion\/posts\/2846223785442563\" data-width=\"750\">\n<blockquote cite=\"https:\/\/www.facebook.com\/TheGoodCompanyInMotion\/posts\/2846223785442563\" class=\"fb-xfbml-parse-ignore\">\n<p>D\u00e9couvrez le programme 2020 des concertations qui auront lieu \u00e0 l&#039;ETHICS Village ! #partage #citoyen #organisation #management #TheGoodCompany #collectif #concertation #plaisance #mouvement<\/p>\n<p>Publi\u00e9e par <a href=\"https:\/\/www.facebook.com\/TheGoodCompanyInMotion\/\">The Good Company<\/a> sur&nbsp;<a href=\"https:\/\/www.facebook.com\/TheGoodCompanyInMotion\/posts\/2846223785442563\">Vendredi 24 janvier 2020<\/a><\/p><\/blockquote>\n<\/div>\n<p>[\/et_pb_text][\/et_pb_column][et_pb_column type=&#8221;1_2&#8243; _builder_version=&#8221;3.25&#8243; custom_padding=&#8221;|||&#8221; custom_padding__hover=&#8221;|||&#8221;][et_pb_text _builder_version=&#8221;3.27.4&#8243;]<\/p>\n\n<!-- Custom Twitter Feeds by Smash Balloon -->\n<div id=\"ctf\" class=\" ctf ctf-type-usertimeline ctf-rebranded ctf-feed-194330828  ctf-styles ctf-list ctf-regular-style\"   data-ctfshortcode=\"[]\"   data-ctfdisablelinks=\"false\" data-ctflinktextcolor=\"#\" data-header-size=\"small\" data-feedid=\"194330828\" data-postid=\"2184\"  data-ctfintents=\"1\"  data-ctfneeded=\"3\">\n            <div id=\"ctf\" class=\"ctf\">\n            <div class=\"ctf-error\">\n                <div class=\"ctf-error-user\">\n\t\t\t\t\tTwitter feed is not available at the moment.                <\/div>\n            <\/div>\n        <\/div>\n\t\t    <div class=\"ctf-tweets\">\n   \t\t    <\/div>\n    \n<\/div>\n\n<p>[\/et_pb_text][\/et_pb_column][\/et_pb_row][et_pb_row custom_padding_last_edited=&#8221;on|phone&#8221; _builder_version=&#8221;4.0.8&#8243; width_tablet=&#8221;&#8221; width_phone=&#8221;90%&#8221; width_last_edited=&#8221;on|phone&#8221; custom_padding=&#8221;4%|0px|3%|0px|false|false&#8221; custom_padding_tablet=&#8221;&#8221; custom_padding_phone=&#8221;&#8221;][et_pb_column type=&#8221;4_4&#8243; _builder_version=&#8221;3.25&#8243; custom_padding=&#8221;|||&#8221; custom_padding__hover=&#8221;|||&#8221;][et_pb_text _builder_version=&#8221;4.0.8&#8243; text_font=&#8221;Assistant||||||||&#8221; text_text_color=&#8221;#000000&#8243; header_font=&#8221;Assistant||||||||&#8221; header_2_font=&#8221;Assistant|700|||||||&#8221; header_2_font_size=&#8221;39px&#8221; header_3_font=&#8221;Dosis||||||||&#8221; text_orientation=&#8221;center&#8221; header_2_font_size_tablet=&#8221;&#8221; header_2_font_size_phone=&#8221;30px&#8221; header_2_font_size_last_edited=&#8221;on|phone&#8221;]<\/p>\n<h2 class=\"p1\" style=\"text-align: center;\">It&#8217;s in the press<\/h2>\n<p class=\"p1\" style=\"text-align: center;\">[\/et_pb_text][\/et_pb_column][\/et_pb_row][et_pb_row column_structure=&#8221;1_2,1_2&#8243; custom_padding_last_edited=&#8221;on|phone&#8221; _builder_version=&#8221;4.0.8&#8243; custom_padding=&#8221;0|0px|3%|0px|false|false&#8221; custom_padding_tablet=&#8221;&#8221; custom_padding_phone=&#8221;||5%||false|false&#8221;][et_pb_column type=&#8221;1_2&#8243; _builder_version=&#8221;3.25&#8243; custom_padding=&#8221;|||&#8221; custom_padding__hover=&#8221;|||&#8221;][et_pb_image src=&#8221;https:\/\/thegoodcompanyinmotion.com\/wp-content\/uploads\/2019\/06\/Presse-La-Tribune.png&#8221; url=&#8221;https:\/\/objectif-languedoc-roussillon.latribune.fr\/carrieres\/management\/2019-06-05\/ethics-group-promeut-son-modele-de-good-company-dans-l-ex-lr-819425.html&#8221; url_new_window=&#8221;on&#8221; align_tablet=&#8221;center&#8221; align_phone=&#8221;&#8221; align_last_edited=&#8221;on|desktop&#8221; _builder_version=&#8221;3.23&#8243; box_shadow_style=&#8221;preset2&#8243; filter_opacity__hover_enabled=&#8221;on&#8221; filter_opacity__hover=&#8221;63%&#8221; filter_contrast__hover_enabled=&#8221;on&#8221; filter_contrast__hover=&#8221;108%&#8221;][\/et_pb_image][\/et_pb_column][et_pb_column type=&#8221;1_2&#8243; _builder_version=&#8221;3.25&#8243; custom_padding=&#8221;|||&#8221; custom_padding__hover=&#8221;|||&#8221;][et_pb_image src=&#8221;https:\/\/thegoodcompanyinmotion.com\/wp-content\/uploads\/2019\/08\/Actu-Occitanie-TGC-JEUDI.png&#8221; url=&#8221;https:\/\/actu.fr\/occitanie\/montpellier_34172\/montpellier-tournee-the-good-company-cest-ce-jeudi_24951453.html&#8221; url_new_window=&#8221;on&#8221; align_tablet=&#8221;center&#8221; align_phone=&#8221;&#8221; align_last_edited=&#8221;on|desktop&#8221; _builder_version=&#8221;3.27.3&#8243; box_shadow_style=&#8221;preset2&#8243; filter_opacity__hover_enabled=&#8221;on&#8221; filter_opacity__hover=&#8221;63%&#8221; filter_contrast__hover_enabled=&#8221;on&#8221; filter_contrast__hover=&#8221;108%&#8221;][\/et_pb_image][\/et_pb_column][\/et_pb_row][et_pb_row column_structure=&#8221;1_2,1_2&#8243; custom_padding_last_edited=&#8221;on|phone&#8221; _builder_version=&#8221;4.0.8&#8243; custom_padding=&#8221;0|0px|3%|0px|false|false&#8221; custom_padding_tablet=&#8221;&#8221; custom_padding_phone=&#8221;||5%||false|false&#8221;][et_pb_column type=&#8221;1_2&#8243; _builder_version=&#8221;3.25&#8243; custom_padding=&#8221;|||&#8221; custom_padding__hover=&#8221;|||&#8221;][et_pb_image src=&#8221;https:\/\/thegoodcompanyinmotion.com\/wp-content\/uploads\/2019\/05\/Ambassadeur-La-De\u0301pe\u0302che.png&#8221; url=&#8221;https:\/\/www.ladepeche.fr\/2019\/04\/15\/thierry-pedeloup-ambassadeur-de-the-good-company,8132432.php&#8221; url_new_window=&#8221;on&#8221; align_tablet=&#8221;center&#8221; align_phone=&#8221;&#8221; align_last_edited=&#8221;on|desktop&#8221; _builder_version=&#8221;3.23&#8243; box_shadow_style=&#8221;preset2&#8243; filter_hue_rotate__hover=&#8221;0deg&#8221; filter_opacity__hover_enabled=&#8221;on&#8221; filter_opacity__hover=&#8221;63%&#8221; filter_contrast__hover_enabled=&#8221;on&#8221; filter_contrast__hover=&#8221;108%&#8221; filter_invert__hover=&#8221;0%&#8221; filter_brightness__hover_enabled=&#8221;on&#8221; filter_brightness__hover=&#8221;100%&#8221;][\/et_pb_image][\/et_pb_column][et_pb_column type=&#8221;1_2&#8243; _builder_version=&#8221;3.25&#8243; custom_padding=&#8221;|||&#8221; custom_padding__hover=&#8221;|||&#8221;][et_pb_image src=&#8221;https:\/\/thegoodcompanyinmotion.com\/wp-content\/uploads\/2019\/05\/Toule\u0301co-Village-by-CA.png&#8221; url=&#8221;http:\/\/www.touleco.fr\/Conference-The-Good-Company-au-Village-by-CA,26492&#8243; url_new_window=&#8221;on&#8221; align_tablet=&#8221;center&#8221; align_phone=&#8221;&#8221; align_last_edited=&#8221;on|desktop&#8221; _builder_version=&#8221;3.23&#8243; box_shadow_style=&#8221;preset2&#8243; filter_opacity__hover_enabled=&#8221;on&#8221; filter_opacity__hover=&#8221;63%&#8221; filter_contrast__hover_enabled=&#8221;on&#8221; filter_contrast__hover=&#8221;108%&#8221;][\/et_pb_image][\/et_pb_column][\/et_pb_row][et_pb_row column_structure=&#8221;1_2,1_2&#8243; custom_padding_last_edited=&#8221;on|phone&#8221; _builder_version=&#8221;4.0.8&#8243; custom_padding=&#8221;0|0px|3%|0px|false|false&#8221; custom_padding_tablet=&#8221;&#8221; custom_padding_phone=&#8221;||5%||false|false&#8221;][et_pb_column type=&#8221;1_2&#8243; _builder_version=&#8221;3.25&#8243; custom_padding=&#8221;|||&#8221; custom_padding__hover=&#8221;|||&#8221;][et_pb_image src=&#8221;https:\/\/thegoodcompanyinmotion.com\/wp-content\/uploads\/2019\/02\/Ide\u0301al-entrepreneurial-TRIBUNE.png&#8221; url=&#8221;https:\/\/toulouse.latribune.fr\/entreprises\/business\/2016-09-12\/-the-good-compagny-l-ideal-entrepreneurial-d-ethics-group.html&#8221; url_new_window=&#8221;on&#8221; align_tablet=&#8221;center&#8221; align_phone=&#8221;&#8221; align_last_edited=&#8221;on|desktop&#8221; _builder_version=&#8221;3.23&#8243; box_shadow_style=&#8221;preset2&#8243; filter_hue_rotate__hover=&#8221;0deg&#8221; filter_opacity__hover_enabled=&#8221;on&#8221; filter_opacity__hover=&#8221;63%&#8221; filter_contrast__hover_enabled=&#8221;on&#8221; filter_contrast__hover=&#8221;108%&#8221; filter_invert__hover=&#8221;0%&#8221; filter_brightness__hover_enabled=&#8221;on&#8221; filter_brightness__hover=&#8221;100%&#8221;][\/et_pb_image][\/et_pb_column][et_pb_column type=&#8221;1_2&#8243; _builder_version=&#8221;3.25&#8243; custom_padding=&#8221;|||&#8221; custom_padding__hover=&#8221;|||&#8221;][et_pb_image src=&#8221;https:\/\/thegoodcompanyinmotion.com\/wp-content\/uploads\/2019\/02\/Intelligence-Collective-Toule\u0301co.png&#8221; url=&#8221;http:\/\/www.touleco.fr\/Ethics-Group-transforme-les-entreprises-en-misant-sur-l,25549&#8243; url_new_window=&#8221;on&#8221; align_tablet=&#8221;center&#8221; align_phone=&#8221;&#8221; align_last_edited=&#8221;on|desktop&#8221; _builder_version=&#8221;3.23&#8243; box_shadow_style=&#8221;preset2&#8243; filter_opacity__hover_enabled=&#8221;on&#8221; filter_opacity__hover=&#8221;63%&#8221; filter_contrast__hover_enabled=&#8221;on&#8221; filter_contrast__hover=&#8221;108%&#8221;][\/et_pb_image][\/et_pb_column][\/et_pb_row][et_pb_row column_structure=&#8221;1_2,1_2&#8243; custom_padding_last_edited=&#8221;on|phone&#8221; _builder_version=&#8221;4.0.8&#8243; custom_padding=&#8221;0|0px|3%|0px|false|false&#8221; custom_padding_tablet=&#8221;&#8221; custom_padding_phone=&#8221;||5%||false|false&#8221;][et_pb_column type=&#8221;1_2&#8243; _builder_version=&#8221;3.25&#8243; custom_padding=&#8221;|||&#8221; custom_padding__hover=&#8221;|||&#8221;][et_pb_image src=&#8221;https:\/\/thegoodcompanyinmotion.com\/wp-content\/uploads\/2019\/02\/Prix-Innovation-Tribune-Occitanie.png&#8221; url=&#8221;https:\/\/www.occitanie-tribune.com\/articles\/5698\/haute-garonne-blagnac-ethics-group-rec%CC%A7oit-le-prix-de-letrsquo%3Binnovation-du-club-detrsquo%3Bentreprises\/&#8221; url_new_window=&#8221;on&#8221; align_tablet=&#8221;center&#8221; align_phone=&#8221;&#8221; align_last_edited=&#8221;on|desktop&#8221; _builder_version=&#8221;3.23&#8243; box_shadow_style=&#8221;preset2&#8243; filter_opacity__hover_enabled=&#8221;on&#8221; filter_opacity__hover=&#8221;63%&#8221; filter_contrast__hover_enabled=&#8221;on&#8221; filter_contrast__hover=&#8221;108%&#8221;][\/et_pb_image][\/et_pb_column][et_pb_column type=&#8221;1_2&#8243; _builder_version=&#8221;3.25&#8243; custom_padding=&#8221;|||&#8221; custom_padding__hover=&#8221;|||&#8221;][et_pb_image src=&#8221;https:\/\/thegoodcompanyinmotion.com\/wp-content\/uploads\/2019\/02\/Septuors-Innovation-La-De\u0301pe\u0302che.png&#8221; url=&#8221;https:\/\/www.ladepeche.fr\/article\/2017\/04\/10\/2553898-septuors-decouvrez-selection-entreprises-plus-innovantes-2017-2017.html&#8221; url_new_window=&#8221;on&#8221; align_tablet=&#8221;center&#8221; align_phone=&#8221;&#8221; align_last_edited=&#8221;on|desktop&#8221; _builder_version=&#8221;3.23&#8243; box_shadow_style=&#8221;preset2&#8243; filter_contrast__hover_enabled=&#8221;on&#8221; filter_contrast__hover=&#8221;108%&#8221; filter_opacity__hover_enabled=&#8221;on&#8221; filter_opacity__hover=&#8221;63%&#8221;][\/et_pb_image][\/et_pb_column][\/et_pb_row][et_pb_row custom_padding_last_edited=&#8221;on|phone&#8221; _builder_version=&#8221;4.0.8&#8243; custom_padding=&#8221;4%|0px|6%|0px|false|false&#8221; custom_padding_tablet=&#8221;&#8221; custom_padding_phone=&#8221;13%||10%||false|false&#8221;][et_pb_column type=&#8221;4_4&#8243; _builder_version=&#8221;3.25&#8243; custom_padding=&#8221;|||&#8221; custom_padding__hover=&#8221;|||&#8221;][et_pb_button button_url=&#8221;https:\/\/thegoodcompanyinmotion.com\/en\/contact\/?lang=en&#8221; button_text=&#8221;Organize a gathering&#8221; button_alignment=&#8221;center&#8221; _builder_version=&#8221;3.22.7&#8243; custom_button=&#8221;on&#8221; button_text_color=&#8221;#424242&#8243; button_font=&#8221;||||||||&#8221;][\/et_pb_button][\/et_pb_column][\/et_pb_row][\/et_pb_section]<\/p>\n","protected":false},"excerpt":{"rendered":"<p>Tweet with Colid\u00e9e et #TheGoodCompanyhttps:\/\/www.facebook.com\/TheGoodCompanyInMotion\/posts\/2846223785442563\n<!-- Custom Twitter Feeds by Smash Balloon -->\n<div id=\"ctf\" class=\" ctf ctf-type-usertimeline ctf-rebranded ctf-feed-721648305  ctf-styles ctf-list ctf-regular-style\"   data-ctfshortcode=\"[]\"   data-ctfdisablelinks=\"false\" data-ctflinktextcolor=\"#\" data-header-size=\"small\" data-feedid=\"721648305\" data-postid=\"2184\"  data-ctfintents=\"1\"  data-ctfneeded=\"3\">\n            <div id=\"ctf\" class=\"ctf\">\n            <div class=\"ctf-error\">\n                <div class=\"ctf-error-user\">\n\t\t\t\t\tTwitter feed is not available at the moment.                <\/div>\n            <\/div>\n        <\/div>\n\t\t    <div class=\"ctf-tweets\">\n   \t\t    <\/div>\n    \n<\/div>\nIt&#8217;s in the press<\/p>\n","protected":false},"author":1,"featured_media":0,"parent":0,"menu_order":0,"comment_status":"closed","ping_status":"closed","template":"","meta":{"_et_pb_use_builder":"on","_et_pb_old_content":"<!-- wp:paragraph -->\r\n<p>Ceci est une page d\u2019exemple. C\u2019est diff\u00e9rent d\u2019un article de blog parce qu\u2019elle restera au m\u00eame endroit et appara\u00eetra dans la navigation de votre site (dans la plupart des th\u00e8mes). La plupart des gens commencent par une page \u00ab\u00a0\u00c0 propos\u00a0\u00bb qui les pr\u00e9sente aux visiteurs du site. Cela pourrait ressembler \u00e0 quelque chose comme cela\u00a0:<\/p>\r\n<!-- \/wp:paragraph -->\r\n\r\n<!-- wp:quote -->\r\n<blockquote class=\"wp-block-quote\"><p>Bonjour\u00a0! Je suis un m\u00e9canicien qui aspire \u00e0 devenir acteur, et voici mon site. J\u2019habite \u00e0 Bordeaux, j\u2019ai un super chien baptis\u00e9 Russell, et j\u2019aime la vodka-ananas (ainsi qu\u2019\u00eatre surpris par la pluie soudaine lors de longues balades sur la plage au coucher du soleil).<\/p><\/blockquote>\r\n<!-- \/wp:quote -->\r\n\r\n<!-- wp:paragraph -->\r\n<p>... ou quelque chose comme cela\u00a0:<\/p>\r\n<!-- \/wp:paragraph -->\r\n\r\n<!-- wp:quote -->\r\n<blockquote class=\"wp-block-quote\"><p>La soci\u00e9t\u00e9 123 Machin Truc a \u00e9t\u00e9 cr\u00e9\u00e9e en 1971, et n\u2019a cess\u00e9 de proposer au public des machins-trucs de qualit\u00e9 depuis lors. Situ\u00e9e \u00e0 Saint-Remy-en-Bouzemont-Saint-Genest-et-Isson, 123 Machin Truc emploie 2 000 personnes, et fabrique toutes sortes de bidules super pour la communaut\u00e9 bouzemontoise.<\/p><\/blockquote>\r\n<!-- \/wp:quote -->\r\n\r\n<!-- wp:paragraph -->\r\n<p>En tant que nouvel\u00b7le utilisateur ou utilisatrice de WordPress, vous devriez vous rendre sur <a href=\"https:\/\/thegoodcompanyinmotion.com\/wp-admin\/\">votre tableau de bord<\/a> pour supprimer cette page et cr\u00e9er de nouvelles pages pour votre contenu. Amusez-vous bien\u00a0!<\/p>\r\n<!-- \/wp:paragraph -->","_et_gb_content_width":"","_exactmetrics_skip_tracking":false,"_exactmetrics_sitenote_active":false,"_exactmetrics_sitenote_note":"","_exactmetrics_sitenote_category":0,"footnotes":""},"class_list":["post-2184","page","type-page","status-publish","hentry"],"yoast_head":"<!-- This site is optimized with the Yoast SEO plugin v27.4 - https:\/\/yoast.com\/product\/yoast-seo-wordpress\/ -->\n<title>Press - The Good Company<\/title>\n<meta name=\"robots\" content=\"index, follow, max-snippet:-1, max-image-preview:large, max-video-preview:-1\" \/>\n<link rel=\"canonical\" href=\"https:\/\/thegoodcompanyinmotion.com\/en\/press\/\" \/>\n<meta property=\"og:locale\" content=\"en_US\" \/>\n<meta property=\"og:type\" content=\"article\" \/>\n<meta property=\"og:title\" content=\"Press - The Good Company\" \/>\n<meta property=\"og:description\" content=\"Tweet with Colid\u00e9e et #TheGoodCompanyhttps:\/\/www.facebook.com\/TheGoodCompanyInMotion\/posts\/2846223785442563It&#039;s in the press\" \/>\n<meta property=\"og:url\" content=\"https:\/\/thegoodcompanyinmotion.com\/en\/press\/\" \/>\n<meta property=\"og:site_name\" content=\"The Good Company\" \/>\n<meta property=\"article:modified_time\" content=\"2020-02-28T10:42:59+00:00\" \/>\n<meta name=\"twitter:card\" content=\"summary_large_image\" \/>\n<meta name=\"twitter:label1\" content=\"Est. reading time\" \/>\n\t<meta name=\"twitter:data1\" content=\"6 minutes\" \/>\n<script type=\"application\/ld+json\" class=\"yoast-schema-graph\">{\"@context\":\"https:\\\/\\\/schema.org\",\"@graph\":[{\"@type\":\"WebPage\",\"@id\":\"https:\\\/\\\/thegoodcompanyinmotion.com\\\/en\\\/press\\\/\",\"url\":\"https:\\\/\\\/thegoodcompanyinmotion.com\\\/en\\\/press\\\/\",\"name\":\"Press - The Good Company\",\"isPartOf\":{\"@id\":\"https:\\\/\\\/thegoodcompanyinmotion.com\\\/en\\\/#website\"},\"datePublished\":\"2020-02-28T10:27:24+00:00\",\"dateModified\":\"2020-02-28T10:42:59+00:00\",\"breadcrumb\":{\"@id\":\"https:\\\/\\\/thegoodcompanyinmotion.com\\\/en\\\/press\\\/#breadcrumb\"},\"inLanguage\":\"en-US\",\"potentialAction\":[{\"@type\":\"ReadAction\",\"target\":[\"https:\\\/\\\/thegoodcompanyinmotion.com\\\/en\\\/press\\\/\"]}]},{\"@type\":\"BreadcrumbList\",\"@id\":\"https:\\\/\\\/thegoodcompanyinmotion.com\\\/en\\\/press\\\/#breadcrumb\",\"itemListElement\":[{\"@type\":\"ListItem\",\"position\":1,\"name\":\"Accueil\",\"item\":\"https:\\\/\\\/thegoodcompanyinmotion.com\\\/en\\\/\"},{\"@type\":\"ListItem\",\"position\":2,\"name\":\"Press\"}]},{\"@type\":\"WebSite\",\"@id\":\"https:\\\/\\\/thegoodcompanyinmotion.com\\\/en\\\/#website\",\"url\":\"https:\\\/\\\/thegoodcompanyinmotion.com\\\/en\\\/\",\"name\":\"The Good Company\",\"description\":\"L&#039;organisation agile et performante o\u00f9 il fait bon vivre\",\"potentialAction\":[{\"@type\":\"SearchAction\",\"target\":{\"@type\":\"EntryPoint\",\"urlTemplate\":\"https:\\\/\\\/thegoodcompanyinmotion.com\\\/en\\\/?s={search_term_string}\"},\"query-input\":{\"@type\":\"PropertyValueSpecification\",\"valueRequired\":true,\"valueName\":\"search_term_string\"}}],\"inLanguage\":\"en-US\"}]}<\/script>\n<!-- \/ Yoast SEO plugin. -->","yoast_head_json":{"title":"Press - The Good Company","robots":{"index":"index","follow":"follow","max-snippet":"max-snippet:-1","max-image-preview":"max-image-preview:large","max-video-preview":"max-video-preview:-1"},"canonical":"https:\/\/thegoodcompanyinmotion.com\/en\/press\/","og_locale":"en_US","og_type":"article","og_title":"Press - The Good Company","og_description":"Tweet with Colid\u00e9e et #TheGoodCompanyhttps:\/\/www.facebook.com\/TheGoodCompanyInMotion\/posts\/2846223785442563It's in the press","og_url":"https:\/\/thegoodcompanyinmotion.com\/en\/press\/","og_site_name":"The Good Company","article_modified_time":"2020-02-28T10:42:59+00:00","twitter_card":"summary_large_image","twitter_misc":{"Est. reading time":"6 minutes"},"schema":{"@context":"https:\/\/schema.org","@graph":[{"@type":"WebPage","@id":"https:\/\/thegoodcompanyinmotion.com\/en\/press\/","url":"https:\/\/thegoodcompanyinmotion.com\/en\/press\/","name":"Press - The Good Company","isPartOf":{"@id":"https:\/\/thegoodcompanyinmotion.com\/en\/#website"},"datePublished":"2020-02-28T10:27:24+00:00","dateModified":"2020-02-28T10:42:59+00:00","breadcrumb":{"@id":"https:\/\/thegoodcompanyinmotion.com\/en\/press\/#breadcrumb"},"inLanguage":"en-US","potentialAction":[{"@type":"ReadAction","target":["https:\/\/thegoodcompanyinmotion.com\/en\/press\/"]}]},{"@type":"BreadcrumbList","@id":"https:\/\/thegoodcompanyinmotion.com\/en\/press\/#breadcrumb","itemListElement":[{"@type":"ListItem","position":1,"name":"Accueil","item":"https:\/\/thegoodcompanyinmotion.com\/en\/"},{"@type":"ListItem","position":2,"name":"Press"}]},{"@type":"WebSite","@id":"https:\/\/thegoodcompanyinmotion.com\/en\/#website","url":"https:\/\/thegoodcompanyinmotion.com\/en\/","name":"The Good Company","description":"L&#039;organisation agile et performante o\u00f9 il fait bon vivre","potentialAction":[{"@type":"SearchAction","target":{"@type":"EntryPoint","urlTemplate":"https:\/\/thegoodcompanyinmotion.com\/en\/?s={search_term_string}"},"query-input":{"@type":"PropertyValueSpecification","valueRequired":true,"valueName":"search_term_string"}}],"inLanguage":"en-US"}]}},"_links":{"self":[{"href":"https:\/\/thegoodcompanyinmotion.com\/en\/wp-json\/wp\/v2\/pages\/2184","targetHints":{"allow":["GET"]}}],"collection":[{"href":"https:\/\/thegoodcompanyinmotion.com\/en\/wp-json\/wp\/v2\/pages"}],"about":[{"href":"https:\/\/thegoodcompanyinmotion.com\/en\/wp-json\/wp\/v2\/types\/page"}],"author":[{"embeddable":true,"href":"https:\/\/thegoodcompanyinmotion.com\/en\/wp-json\/wp\/v2\/users\/1"}],"replies":[{"embeddable":true,"href":"https:\/\/thegoodcompanyinmotion.com\/en\/wp-json\/wp\/v2\/comments?post=2184"}],"version-history":[{"count":4,"href":"https:\/\/thegoodcompanyinmotion.com\/en\/wp-json\/wp\/v2\/pages\/2184\/revisions"}],"predecessor-version":[{"id":2230,"href":"https:\/\/thegoodcompanyinmotion.com\/en\/wp-json\/wp\/v2\/pages\/2184\/revisions\/2230"}],"wp:attachment":[{"href":"https:\/\/thegoodcompanyinmotion.com\/en\/wp-json\/wp\/v2\/media?parent=2184"}],"curies":[{"name":"wp","href":"https:\/\/api.w.org\/{rel}","templated":true}]}}